{"id":6,"date":"2020-10-25T13:57:42","date_gmt":"2020-10-25T13:57:42","guid":{"rendered":"http:\/\/home.jederkannyoga.com\/?page_id=6"},"modified":"2025-03-30T12:16:32","modified_gmt":"2025-03-30T12:16:32","slug":"katrin","status":"publish","type":"page","link":"https:\/\/jederkannyoga.com\/?page_id=6","title":{"rendered":"Katrin"},"content":{"rendered":"\n<p>Zu meiner Person:<\/p>\n\n\n\n<p>Ich bin gelernte Krankenschwester und arbeite seit mehr als 25 Jahren gerne in meinem Beruf. Seit April 2024 betreue ich die Patienten der Klinik Dr. Winkler in Husum. davor war ich mehr als 20 Jahre im Klinikum Nordfriesland u.a. auf der Intensiv-Station\/IMC t\u00e4tig. <\/p>\n\n\n\n<p>Ich habe 2 S\u00f6hne und bin verheiratet. In meiner Freizeit bin ich h\u00e4ufig sportlich unterwegs und genie\u00dfe dabei die Sch\u00f6nheit und Ruhe der Natur.<\/p>\n\n\n\n<p>Gerne entspanne ich mich in meinem Garten.<\/p>\n\n\n<div class=\"wp-block-image\">\n<figure class=\"aligncenter size-large\"><img loading=\"lazy\" decoding=\"async\" width=\"1024\" height=\"923\" src=\"https:\/\/jederkannyoga.com\/wp-content\/uploads\/2020\/08\/Neu-2.jpg\" alt=\"\" class=\"wp-image-177\" srcset=\"https:\/\/jederkannyoga.com\/wp-content\/uploads\/2020\/08\/Neu-2.jpg 1024w, https:\/\/jederkannyoga.com\/wp-content\/uploads\/2020\/08\/Neu-2-300x270.jpg 300w, https:\/\/jederkannyoga.com\/wp-content\/uploads\/2020\/08\/Neu-2-768x692.jpg 768w\" sizes=\"auto, (max-width: 767px) 89vw, (max-width: 1000px) 54vw, (max-width: 1071px) 543px, 580px\" \/><\/figure><\/div>","protected":false},"excerpt":{"rendered":"<p>Zu meiner Person: Ich bin gelernte Krankenschwester und arbeite seit mehr als 25 Jahren gerne in meinem Beruf. Seit April 2024 betreue ich die Patienten der Klinik Dr. Winkler in Husum. davor war ich mehr als 20 Jahre im Klinikum Nordfriesland u.a. auf der Intensiv-Station\/IMC t\u00e4tig. Ich habe 2 S\u00f6hne und bin verheiratet. In meiner &hellip; <\/p>\n<p class=\"link-more\"><a href=\"https:\/\/jederkannyoga.com\/?page_id=6\" class=\"more-link\"><span class=\"screen-reader-text\">\u201eKatrin\u201c<\/span> weiterlesen<\/a><\/p>\n","protected":false},"author":1,"featured_media":0,"parent":0,"menu_order":0,"comment_status":"closed","ping_status":"closed","template":"","meta":{"footnotes":""},"class_list":["post-6","page","type-page","status-publish","hentry"],"_links":{"self":[{"href":"https:\/\/jederkannyoga.com\/index.php?rest_route=\/wp\/v2\/pages\/6","targetHints":{"allow":["GET"]}}],"collection":[{"href":"https:\/\/jederkannyoga.com\/index.php?rest_route=\/wp\/v2\/pages"}],"about":[{"href":"https:\/\/jederkannyoga.com\/index.php?rest_route=\/wp\/v2\/types\/page"}],"author":[{"embeddable":true,"href":"https:\/\/jederkannyoga.com\/index.php?rest_route=\/wp\/v2\/users\/1"}],"replies":[{"embeddable":true,"href":"https:\/\/jederkannyoga.com\/index.php?rest_route=%2Fwp%2Fv2%2Fcomments&post=6"}],"version-history":[{"count":13,"href":"https:\/\/jederkannyoga.com\/index.php?rest_route=\/wp\/v2\/pages\/6\/revisions"}],"predecessor-version":[{"id":549,"href":"https:\/\/jederkannyoga.com\/index.php?rest_route=\/wp\/v2\/pages\/6\/revisions\/549"}],"wp:attachment":[{"href":"https:\/\/jederkannyoga.com\/index.php?rest_route=%2Fwp%2Fv2%2Fmedia&parent=6"}],"curies":[{"name":"wp","href":"https:\/\/api.w.org\/{rel}","templated":true}]}}