{"id":5,"date":"2020-10-25T13:58:16","date_gmt":"2020-10-25T13:58:16","guid":{"rendered":"http:\/\/home.jederkannyoga.com\/?page_id=5"},"modified":"2026-01-23T15:06:01","modified_gmt":"2026-01-23T15:06:01","slug":"kurse-preise","status":"publish","type":"page","link":"https:\/\/jederkannyoga.com\/?page_id=5","title":{"rendered":"Kurse \/ Preise"},"content":{"rendered":"\n<p>Ich begr\u00fc\u00dfe dich zu meiner Yoga-Stunde.<\/p>\n\n\n\n<figure class=\"wp-block-image size-large\"><img loading=\"lazy\" decoding=\"async\" width=\"768\" height=\"1024\" src=\"https:\/\/jederkannyoga.com\/wp-content\/uploads\/2023\/09\/IMG_3960-768x1024.jpeg\" alt=\"\" class=\"wp-image-527\" srcset=\"https:\/\/jederkannyoga.com\/wp-content\/uploads\/2023\/09\/IMG_3960-768x1024.jpeg 768w, https:\/\/jederkannyoga.com\/wp-content\/uploads\/2023\/09\/IMG_3960-225x300.jpeg 225w, https:\/\/jederkannyoga.com\/wp-content\/uploads\/2023\/09\/IMG_3960-1152x1536.jpeg 1152w, https:\/\/jederkannyoga.com\/wp-content\/uploads\/2023\/09\/IMG_3960.jpeg 1536w\" sizes=\"auto, (max-width: 767px) 89vw, (max-width: 1000px) 54vw, (max-width: 1071px) 543px, 580px\" \/><\/figure>\n\n\n\n<p>Folgende Kurse biete ich an:<\/p>\n\n\n\n<p class=\"has-pale-pink-background-color has-background has-medium-font-size\"><strong>Fortlaufende Kurse<\/strong><\/p>\n\n\n\n<p class=\"has-pale-pink-background-color has-background has-medium-font-size\"><strong>Einstieg jederzeit m\u00f6glich<\/strong>, <strong>auch f\u00fcr Anf\u00e4nger geeignet<\/strong><\/p>\n\n\n\n<p class=\"has-pale-pink-background-color has-background\" style=\"font-size:18px\"><strong>R\u00fccken- und Faszienyoga<\/strong><\/p>\n\n\n\n<figure class=\"wp-block-table is-style-stripes\"><table class=\"has-background has-fixed-layout\" style=\"background-color:#fcf0ef\"><tbody><tr><td><strong>Montag<\/strong><\/td><td><strong>Dienstag<\/strong><\/td><td><strong>Mittwoch<\/strong><\/td><\/tr><tr><td>18:15 &#8211; 19:30 Uhr<\/td><td>8:30 &#8211; 9:45 Uhr<\/td><td>17:15 &#8211; 18:30 Uhr<\/td><\/tr><tr><td><\/td><td>10:15 &#8211; 11:30 Uhr<\/td><td><\/td><\/tr><\/tbody><\/table><\/figure>\n\n\n\n<p>Diese Kurse sind einzeln, als 5er oder 10er Karte buchbar. <\/p>\n\n\n\n<p>In diesen Kursen, die teilweise ineinander \u00fcbergreifen, lernst du verschiedene K\u00f6rper-, Atem- und Entspannungstechniken, um die K\u00f6rperwahrnehmung zu verbessern und dich zu entspannen sowie Kraft, Beweglichkeit, Koordination und Bewegungsfreude zu entwickeln. Au\u00dferdem werden Informationen \u00fcber die Stressvermeidung und Stressbew\u00e4ltigung vermittelt.<\/p>\n\n\n\n<p class=\"has-pale-pink-background-color has-background\" style=\"font-size:24px\"><strong>Kursanmeldung<\/strong><\/p>\n\n\n\n<ul class=\"wp-block-list\">\n<li><em><span class=\"has-inline-color has-vivid-red-color\">Erstmalige Teilnahme geht nur nach vorheriger telefonischer Anmeldung !!!<\/span><\/em><\/li>\n<\/ul>\n\n\n\n<p class=\"has-pale-pink-background-color has-background\" style=\"font-size:24px\"><strong>F\u00fcr all meine Kurse bitte ich zu beachten<\/strong><\/p>\n\n\n\n<ul class=\"wp-block-list\">\n<li><mark style=\"background-color:rgba(0, 0, 0, 0)\" class=\"has-inline-color has-vivid-red-color\"><em>24 Stunden vor Kursbeginn muss eine Abmeldung erfolgen<\/em> &#8211;<\/mark> ansonsten muss ich die Stunden berechnen<\/li>\n\n\n\n<li>Bitte 15 Minuten vor Kursbeginn eintreffen<\/li>\n\n\n\n<li>Eigene Matte, Decke (f\u00fcr Schlussentspannung), Kissen (Hilfsmittel) mitnehmen<\/li>\n\n\n\n<li>Bitte bequeme Kleidung tragen<\/li>\n\n\n\n<li>1 1\/2 Stunden vor Kursbeginn keine schweren Mahlzeiten zu sich nehmen<\/li>\n<\/ul>\n\n\n\n<p class=\"has-vivid-red-color has-text-color\"><\/p>\n\n\n\n<p>Komm bitte nur, wenn du dich <mark style=\"background-color:rgba(0, 0, 0, 0)\" class=\"has-inline-color has-vivid-red-color\"><em>k\u00f6rperlich gesund<\/em> <\/mark><mark style=\"background-color:rgba(0, 0, 0, 0)\" class=\"has-inline-color has-very-dark-gray-color\">f\u00fchlst<\/mark> (kein Schnupfen, Husten, Halsweh sowie bei beginnenden Infekten).<br>Wenn Du unter Vorerkrankungen wie z.B. Bluthochdruck, erh\u00f6htem Augeninnendruck oder einem Bandscheibenvorfall leidest oder gerade eine Knie- oder H\u00fcftprothesen-OP hinter dir hast, sprich mich bitte im Vorwege an, damit ich das individuell in deinen Asanas ber\u00fccksichtigen kann.<\/p>\n\n\n\n<p class=\"has-very-dark-gray-color has-text-color\"><strong><span class=\"has-inline-color has-vivid-red-color\">Parallel biete ich alle Stunden zus\u00e4tzlich im Live-Stream \u00fcber Zoom an. So hast Du auch die M\u00f6glichkeit, die Stunde von zuhause aus mitzumachen.<\/span><\/strong><br><br>Wenn Du daran Interesse hast, sprich mich bitte an.<\/p>\n\n\n\n<p class=\"has-pale-pink-background-color has-background\" style=\"font-size:24px\"><strong>Preise<\/strong><\/p>\n\n\n\n<p class=\"has-very-dark-gray-color has-text-color\"><strong>F\u00fcr MTV Mitglieder<\/strong>:<\/p>\n\n\n\n<ul class=\"wp-block-list\">\n<li>5er-Karte 70 \u20ac &#8211; G\u00fcltigkeit 6 Wochen<\/li>\n\n\n\n<li>10er-Karte 120 \u20ac &#8211; G\u00fcltigkeit 12 Wochen<\/li>\n\n\n\n<li>Einzel- \/ Schnupperstunde 15 \u20ac &#8211; Zahlung vor Kursbeginn<\/li>\n\n\n\n<li>Ausnahmef\u00e4lle?? Sprecht mich bitte an<\/li>\n<\/ul>\n\n\n\n<p><strong>F\u00fcr NICHT-MTV Mitglieder<\/strong>:<\/p>\n\n\n\n<ul class=\"wp-block-list\">\n<li>gleiche G\u00fcltigkeit \/ Zahlbarkeit wie o.a.<\/li>\n\n\n\n<li>5er-Karte 75 \u20ac<\/li>\n\n\n\n<li>10er-Karte 140 \u20ac<\/li>\n\n\n\n<li>Einzel- \/ Schnupperstunde 16 \u20ac<br><\/li>\n<\/ul>\n\n\n\n<div class=\"wp-block-group\"><div class=\"wp-block-group__inner-container is-layout-flow wp-block-group-is-layout-flow\">\n<p>Bezahlung vor Kursbeginn in bar oder als \u00dcberweisung.<\/p>\n<\/div><\/div>\n\n\n\n<ul class=\"wp-block-list\">\n<li>Kontoinhaber: Katrin Neumann<\/li>\n\n\n\n<li>IBAN: DE24 2175 0000 0165 5555 09<\/li>\n\n\n\n<li>BIC: NOLADE21NOS (Nord-Ostsee Sparkasse)<\/li>\n<\/ul>\n\n\n\n<figure class=\"wp-block-image size-large\"><img loading=\"lazy\" decoding=\"async\" width=\"1024\" height=\"768\" src=\"https:\/\/jederkannyoga.com\/wp-content\/uploads\/2020\/09\/IMG-20200915-WA0009-1024x768.jpg\" alt=\"\" class=\"wp-image-225\" srcset=\"https:\/\/jederkannyoga.com\/wp-content\/uploads\/2020\/09\/IMG-20200915-WA0009-1024x768.jpg 1024w, https:\/\/jederkannyoga.com\/wp-content\/uploads\/2020\/09\/IMG-20200915-WA0009-300x225.jpg 300w, https:\/\/jederkannyoga.com\/wp-content\/uploads\/2020\/09\/IMG-20200915-WA0009-768x576.jpg 768w, https:\/\/jederkannyoga.com\/wp-content\/uploads\/2020\/09\/IMG-20200915-WA0009-1536x1152.jpg 1536w, https:\/\/jederkannyoga.com\/wp-content\/uploads\/2020\/09\/IMG-20200915-WA0009.jpg 1600w\" sizes=\"auto, (max-width: 767px) 89vw, (max-width: 1000px) 54vw, (max-width: 1071px) 543px, 580px\" \/><figcaption class=\"wp-element-caption\">Das Rad &#8211; Chakrasana <\/figcaption><\/figure>\n\n\n\n<p><\/p>\n\n\n\n<p>Gerne kannst du dich jederzeit f\u00fcr eine <span style=\"background-color:rgba(0, 0, 0, 0)\" class=\"has-inline-color has-vivid-red-color\">Live-Stunde \u00fcber Zoom<\/span> bei mir melden.  <\/p>\n\n\n\n<p>Mit Zoom online nehme ich dich mit in diese gem\u00fctliche Atmosph\u00e4re und werde dich in deiner Yogapraxis dort abholen, wo du es gerade brauchst.<\/p>\n","protected":false},"excerpt":{"rendered":"<p>Ich begr\u00fc\u00dfe dich zu meiner Yoga-Stunde. Folgende Kurse biete ich an: Fortlaufende Kurse Einstieg jederzeit m\u00f6glich, auch f\u00fcr Anf\u00e4nger geeignet R\u00fccken- und Faszienyoga Montag Dienstag Mittwoch 18:15 &#8211; 19:30 Uhr 8:30 &#8211; 9:45 Uhr 17:15 &#8211; 18:30 Uhr 10:15 &#8211; 11:30 Uhr Diese Kurse sind einzeln, als 5er oder 10er Karte buchbar. In diesen Kursen, &hellip; <\/p>\n<p class=\"link-more\"><a href=\"https:\/\/jederkannyoga.com\/?page_id=5\" class=\"more-link\"><span class=\"screen-reader-text\">\u201eKurse \/ Preise\u201c<\/span> weiterlesen<\/a><\/p>\n","protected":false},"author":1,"featured_media":0,"parent":0,"menu_order":0,"comment_status":"closed","ping_status":"closed","template":"","meta":{"footnotes":""},"class_list":["post-5","page","type-page","status-publish","hentry"],"_links":{"self":[{"href":"https:\/\/jederkannyoga.com\/index.php?rest_route=\/wp\/v2\/pages\/5","targetHints":{"allow":["GET"]}}],"collection":[{"href":"https:\/\/jederkannyoga.com\/index.php?rest_route=\/wp\/v2\/pages"}],"about":[{"href":"https:\/\/jederkannyoga.com\/index.php?rest_route=\/wp\/v2\/types\/page"}],"author":[{"embeddable":true,"href":"https:\/\/jederkannyoga.com\/index.php?rest_route=\/wp\/v2\/users\/1"}],"replies":[{"embeddable":true,"href":"https:\/\/jederkannyoga.com\/index.php?rest_route=%2Fwp%2Fv2%2Fcomments&post=5"}],"version-history":[{"count":83,"href":"https:\/\/jederkannyoga.com\/index.php?rest_route=\/wp\/v2\/pages\/5\/revisions"}],"predecessor-version":[{"id":605,"href":"https:\/\/jederkannyoga.com\/index.php?rest_route=\/wp\/v2\/pages\/5\/revisions\/605"}],"wp:attachment":[{"href":"https:\/\/jederkannyoga.com\/index.php?rest_route=%2Fwp%2Fv2%2Fmedia&parent=5"}],"curies":[{"name":"wp","href":"https:\/\/api.w.org\/{rel}","templated":true}]}}