{"id":13,"date":"2020-10-25T14:44:55","date_gmt":"2020-10-25T14:44:55","guid":{"rendered":"http:\/\/home.jederkannyoga.com\/?page_id=13"},"modified":"2025-03-31T15:09:35","modified_gmt":"2025-03-31T15:09:35","slug":"videos","status":"publish","type":"page","link":"https:\/\/jederkannyoga.com\/?page_id=13","title":{"rendered":"AromaTouch\u00ae-Massage"},"content":{"rendered":"\n<p><strong>Die AromaTouch\u00ae-Technik &#8211; eine Wohltat f\u00fcr K\u00f6rper, Geist und Seele<\/strong><\/p>\n\n\n\n<p>Die AromaTouch\u00ae-Technik hilft, das nat\u00fcrliche Gleichgewicht im K\u00f6rper wiederherzustellen. Es ist eine \u00e4u\u00dferst wirksame Methode, die deinen K\u00f6rper auf ganzheitlicher Ebene entspannt. Es werden acht verschiedene doTerra CPTG (Certifed Pure Tested Grade\u00ae) \u00e4therische \u00d6le in einer bestimmten Reihenfolge auf die Energie-Zonen deines R\u00fcckens und deiner F\u00fc\u00dfe aufgetragen und von mir sanft eingearbeitet.<\/p>\n\n\n\n<figure class=\"wp-block-image size-large\"><img loading=\"lazy\" decoding=\"async\" width=\"1024\" height=\"768\" src=\"https:\/\/jederkannyoga.com\/wp-content\/uploads\/2020\/07\/IMG-20200628-WA0014-1024x768.jpg\" alt=\"\" class=\"wp-image-102\" srcset=\"https:\/\/jederkannyoga.com\/wp-content\/uploads\/2020\/07\/IMG-20200628-WA0014-1024x768.jpg 1024w, https:\/\/jederkannyoga.com\/wp-content\/uploads\/2020\/07\/IMG-20200628-WA0014-300x225.jpg 300w, https:\/\/jederkannyoga.com\/wp-content\/uploads\/2020\/07\/IMG-20200628-WA0014-768x576.jpg 768w, https:\/\/jederkannyoga.com\/wp-content\/uploads\/2020\/07\/IMG-20200628-WA0014-1536x1152.jpg 1536w, https:\/\/jederkannyoga.com\/wp-content\/uploads\/2020\/07\/IMG-20200628-WA0014.jpg 1600w\" sizes=\"auto, (max-width: 767px) 89vw, (max-width: 1000px) 54vw, (max-width: 1071px) 543px, 580px\" \/><\/figure>\n\n\n\n<p class=\"has-text-align-center has-medium-font-size\"> &#8211; Den Kopf freibekommen &#8211;<\/p>\n\n\n\n<p>Jedes \u00e4therische \u00d6l in der AromaTouch\u00ae-Technik wird aufgrund seiner individuellen aromatischen und kraftvollen Eigenschaften ausgew\u00e4hlt und in einer patentierten Bewegungsreihenfolge kombiniert und angewendet.<br>Mit dieser Technik verbinde ich die Vorteile der w\u00e4rmenden menschlichen Ber\u00fchrung mit der Kraft der \u00e4therischen \u00d6le, um dir ein umfassendes Wellness-Erlebnis zu schaffen. Die Ber\u00fchrung ist bei der Aroma-Touch\u00ae-Methode ebenso wichtig wie die Wirkung der freigesetzten Aromen. Diese Kombination f\u00fchrt zur Entspannung und Ausgeglichenheit von K\u00f6rper, Geist und Seele.<\/p>\n\n\n\n<p>Die Anwendung beruht auf einfachen Methoden, durch die diese wirkungsvollen \u00e4therischen \u00d6le an die entsprechenden Stellen innerhalb deines K\u00f6rpers gelangen k\u00f6nnen. Das Zusammenspiel von \u00e4therischen \u00d6len und Massage wirkt Stress entgegen, st\u00e4rkt das Immunsystem, hilft Entz\u00fcndungen zu hemmen und bringt dein autonomes Nervensystem ins Gleichgewicht.<\/p>\n\n\n\n<p>Eine Massage dauert ca. 60 Minuten und kostet 80,00\u20ac. <br>Du bist bereits einer meiner Yogis? Dann kostet Dich die Massage nur 60,00\u20ac.<\/p>\n\n\n\n<figure class=\"wp-block-image size-large\"><img loading=\"lazy\" decoding=\"async\" width=\"1024\" height=\"768\" src=\"https:\/\/jederkannyoga.com\/wp-content\/uploads\/2025\/03\/Aromatouch-1024x768.jpeg\" alt=\"\" class=\"wp-image-573\" srcset=\"https:\/\/jederkannyoga.com\/wp-content\/uploads\/2025\/03\/Aromatouch-1024x768.jpeg 1024w, https:\/\/jederkannyoga.com\/wp-content\/uploads\/2025\/03\/Aromatouch-300x225.jpeg 300w, https:\/\/jederkannyoga.com\/wp-content\/uploads\/2025\/03\/Aromatouch-768x576.jpeg 768w, https:\/\/jederkannyoga.com\/wp-content\/uploads\/2025\/03\/Aromatouch-1536x1152.jpeg 1536w, https:\/\/jederkannyoga.com\/wp-content\/uploads\/2025\/03\/Aromatouch.jpeg 2048w\" sizes=\"auto, (max-width: 767px) 89vw, (max-width: 1000px) 54vw, (max-width: 1071px) 543px, 580px\" \/><\/figure>\n","protected":false},"excerpt":{"rendered":"<p>Die AromaTouch\u00ae-Technik &#8211; eine Wohltat f\u00fcr K\u00f6rper, Geist und Seele Die AromaTouch\u00ae-Technik hilft, das nat\u00fcrliche Gleichgewicht im K\u00f6rper wiederherzustellen. Es ist eine \u00e4u\u00dferst wirksame Methode, die deinen K\u00f6rper auf ganzheitlicher Ebene entspannt. Es werden acht verschiedene doTerra CPTG (Certifed Pure Tested Grade\u00ae) \u00e4therische \u00d6le in einer bestimmten Reihenfolge auf die Energie-Zonen deines R\u00fcckens und deiner &hellip; <\/p>\n<p class=\"link-more\"><a href=\"https:\/\/jederkannyoga.com\/?page_id=13\" class=\"more-link\"><span class=\"screen-reader-text\">\u201eAromaTouch\u00ae-Massage\u201c<\/span> weiterlesen<\/a><\/p>\n","protected":false},"author":1,"featured_media":0,"parent":0,"menu_order":0,"comment_status":"closed","ping_status":"closed","template":"","meta":{"footnotes":""},"class_list":["post-13","page","type-page","status-publish","hentry"],"_links":{"self":[{"href":"https:\/\/jederkannyoga.com\/index.php?rest_route=\/wp\/v2\/pages\/13","targetHints":{"allow":["GET"]}}],"collection":[{"href":"https:\/\/jederkannyoga.com\/index.php?rest_route=\/wp\/v2\/pages"}],"about":[{"href":"https:\/\/jederkannyoga.com\/index.php?rest_route=\/wp\/v2\/types\/page"}],"author":[{"embeddable":true,"href":"https:\/\/jederkannyoga.com\/index.php?rest_route=\/wp\/v2\/users\/1"}],"replies":[{"embeddable":true,"href":"https:\/\/jederkannyoga.com\/index.php?rest_route=%2Fwp%2Fv2%2Fcomments&post=13"}],"version-history":[{"count":18,"href":"https:\/\/jederkannyoga.com\/index.php?rest_route=\/wp\/v2\/pages\/13\/revisions"}],"predecessor-version":[{"id":593,"href":"https:\/\/jederkannyoga.com\/index.php?rest_route=\/wp\/v2\/pages\/13\/revisions\/593"}],"wp:attachment":[{"href":"https:\/\/jederkannyoga.com\/index.php?rest_route=%2Fwp%2Fv2%2Fmedia&parent=13"}],"curies":[{"name":"wp","href":"https:\/\/api.w.org\/{rel}","templated":true}]}}